{"id":99,"date":"2024-09-25T22:19:01","date_gmt":"2024-09-25T22:19:01","guid":{"rendered":"https:\/\/alsaauto.com\/?page_id=99"},"modified":"2024-09-26T09:46:00","modified_gmt":"2024-09-26T09:46:00","slug":"vision-and-mission","status":"publish","type":"page","link":"https:\/\/alsaauto.com\/index.php\/vision-and-mission\/","title":{"rendered":"Vision and Mission"},"content":{"rendered":"<p><strong>OUR VISION<\/strong><\/p><p>To be one of Turkey&#8217;s leading companies in the field of trailer connection cables and equipment production and to reach similar levels with worldwide manufacturers.<\/p><p><strong>OUR MISSION<\/strong><\/p><p>since the day it was founded, ALSA OTOMOT\u0130V SAN.T\u0130\u00c7.A\u015e has aimed to achieve 100% customer satisfaction with quality, innovative and competitive products, and aims to be a leading supplier in its sector that adds value to all its customers, is dynamic, innovative and constantly developing.<\/p><p><\/p>","protected":false},"excerpt":{"rendered":"<p>OUR VISION To be one of Turkey&#8217;s leading companies in the field of trailer connection cables and equipment production and to reach similar levels with worldwide manufacturers. OUR MISSION since the day it was founded, ALSA OTOMOT\u0130V SAN.T\u0130\u00c7.A\u015e has aimed to achieve 100% customer satisfaction with quality, innovative and competitive products, and aims to be a leading supplier in its sector that adds value to all its customers, is dynamic, innovative and constantly developing.<\/p>\n","protected":false},"author":1,"featured_media":0,"parent":0,"menu_order":0,"comment_status":"closed","ping_status":"closed","template":"faq","meta":{"footnotes":""},"class_list":["post-99","page","type-page","status-publish","hentry"],"_links":{"self":[{"href":"https:\/\/alsaauto.com\/index.php\/wp-json\/wp\/v2\/pages\/99","targetHints":{"allow":["GET"]}}],"collection":[{"href":"https:\/\/alsaauto.com\/index.php\/wp-json\/wp\/v2\/pages"}],"about":[{"href":"https:\/\/alsaauto.com\/index.php\/wp-json\/wp\/v2\/types\/page"}],"author":[{"embeddable":true,"href":"https:\/\/alsaauto.com\/index.php\/wp-json\/wp\/v2\/users\/1"}],"replies":[{"embeddable":true,"href":"https:\/\/alsaauto.com\/index.php\/wp-json\/wp\/v2\/comments?post=99"}],"version-history":[{"count":2,"href":"https:\/\/alsaauto.com\/index.php\/wp-json\/wp\/v2\/pages\/99\/revisions"}],"predecessor-version":[{"id":177,"href":"https:\/\/alsaauto.com\/index.php\/wp-json\/wp\/v2\/pages\/99\/revisions\/177"}],"wp:attachment":[{"href":"https:\/\/alsaauto.com\/index.php\/wp-json\/wp\/v2\/media?parent=99"}],"curies":[{"name":"wp","href":"https:\/\/api.w.org\/{rel}","templated":true}]}}